{"id":86,"date":"2022-10-10T10:43:09","date_gmt":"2022-10-10T10:43:09","guid":{"rendered":"https:\/\/goodear.ch\/?page_id=86"},"modified":"2023-11-07T09:20:43","modified_gmt":"2023-11-07T09:20:43","slug":"home","status":"publish","type":"page","link":"https:\/\/goodear.ch\/","title":{"rendered":"Home"},"content":{"rendered":"\n<div class=\"wp-block-cover alignfull is-light\" style=\"min-height:410px;aspect-ratio:unset;\"><span aria-hidden=\"true\" class=\"wp-block-cover__background has-background-dim-10 has-background-dim\"><\/span><img loading=\"lazy\" decoding=\"async\" width=\"2560\" height=\"1463\" class=\"wp-block-cover__image-background wp-image-14\" alt=\"\" src=\"https:\/\/goodear.ch\/wp-content\/uploads\/2022\/09\/hintergrund1-scaled.jpg\" data-object-fit=\"cover\" srcset=\"https:\/\/goodear.ch\/wp-content\/uploads\/2022\/09\/hintergrund1-scaled.jpg 2560w, https:\/\/goodear.ch\/wp-content\/uploads\/2022\/09\/hintergrund1-300x171.jpg 300w, https:\/\/goodear.ch\/wp-content\/uploads\/2022\/09\/hintergrund1-1024x585.jpg 1024w, https:\/\/goodear.ch\/wp-content\/uploads\/2022\/09\/hintergrund1-768x439.jpg 768w, https:\/\/goodear.ch\/wp-content\/uploads\/2022\/09\/hintergrund1-1536x878.jpg 1536w, https:\/\/goodear.ch\/wp-content\/uploads\/2022\/09\/hintergrund1-2048x1170.jpg 2048w, https:\/\/goodear.ch\/wp-content\/uploads\/2022\/09\/hintergrund1-1400x800.jpg 1400w\" sizes=\"auto, (max-width: 2560px) 100vw, 2560px\" \/><div class=\"wp-block-cover__inner-container is-layout-flow wp-block-cover-is-layout-flow\">\n<p class=\"has-text-align-center has-background-color has-text-color\" style=\"font-size:60px;font-style:normal;font-weight:600;letter-spacing:2px\">GUTES AUF DIE OHREN.<\/p>\n<\/div><\/div>\n\n\n\n<div style=\"height:20px\" aria-hidden=\"true\" class=\"wp-block-spacer\"><\/div>\n\n\n\n<p class=\"has-text-align-center has-text-color\" style=\"color:#456f76;font-style:normal;font-weight:100\">______________________________________<\/p>\n\n\n\n<div style=\"height:20px\" aria-hidden=\"true\" class=\"wp-block-spacer\"><\/div>\n\n\n\n<h2 class=\"wp-block-heading has-text-align-center has-text-color\" style=\"color:#456f76\">Ausgezeichnetes sogar.<\/h2>\n\n\n\n<div style=\"height:25px\" aria-hidden=\"true\" class=\"wp-block-spacer\"><\/div>\n\n\n\n<figure class=\"wp-block-gallery has-nested-images columns-default is-cropped wp-block-gallery-1 is-layout-flex wp-block-gallery-is-layout-flex\">\n<figure class=\"wp-block-image size-large\"><img loading=\"lazy\" decoding=\"async\" width=\"709\" height=\"801\" data-id=\"98\" src=\"https:\/\/goodear.ch\/wp-content\/uploads\/2022\/10\/lismerclub_cd_hpch.jpg\" alt=\"\" class=\"wp-image-98\" srcset=\"https:\/\/goodear.ch\/wp-content\/uploads\/2022\/10\/lismerclub_cd_hpch.jpg 709w, https:\/\/goodear.ch\/wp-content\/uploads\/2022\/10\/lismerclub_cd_hpch-266x300.jpg 266w\" sizes=\"auto, (max-width: 709px) 100vw, 709px\" \/><\/figure>\n\n\n\n<figure class=\"wp-block-image size-large\"><img loading=\"lazy\" decoding=\"async\" width=\"709\" height=\"801\" data-id=\"99\" src=\"https:\/\/goodear.ch\/wp-content\/uploads\/2022\/10\/chopfsalat_cd_hoch.jpg\" alt=\"\" class=\"wp-image-99\" srcset=\"https:\/\/goodear.ch\/wp-content\/uploads\/2022\/10\/chopfsalat_cd_hoch.jpg 709w, https:\/\/goodear.ch\/wp-content\/uploads\/2022\/10\/chopfsalat_cd_hoch-266x300.jpg 266w\" sizes=\"auto, (max-width: 709px) 100vw, 709px\" \/><\/figure>\n\n\n\n<figure class=\"wp-block-image size-large is-style-default\"><img loading=\"lazy\" decoding=\"async\" width=\"709\" height=\"801\" data-id=\"100\" src=\"https:\/\/goodear.ch\/wp-content\/uploads\/2022\/10\/ohr_grell_hoch.jpg\" alt=\"\" class=\"wp-image-100\" srcset=\"https:\/\/goodear.ch\/wp-content\/uploads\/2022\/10\/ohr_grell_hoch.jpg 709w, https:\/\/goodear.ch\/wp-content\/uploads\/2022\/10\/ohr_grell_hoch-266x300.jpg 266w\" sizes=\"auto, (max-width: 709px) 100vw, 709px\" \/><\/figure>\n<\/figure>\n\n\n\n<p class=\"has-text-align-center\" style=\"font-style:normal;font-weight:100\">Wer eines unserer Werke erstehen, Ideen mit uns teilen oder sich uns mitteilen m\u00f6chte: Hier gehts lang zu unseren Ohren!<\/p>\n\n\n\n<div class=\"wp-block-group is-layout-flow wp-block-group-is-layout-flow\">\n<div class=\"wp-block-buttons is-content-justification-center is-layout-flex wp-container-core-buttons-is-layout-a89b3969 wp-block-buttons-is-layout-flex\">\n<div class=\"wp-block-button has-custom-font-size is-style-fill\" style=\"font-size:14px\"><a class=\"wp-block-button__link has-luminous-vivid-amber-to-luminous-vivid-orange-gradient-background has-background wp-element-button\" href=\"mailto:strub.rolf@sunrise.ch\" style=\"border-radius:11px;padding-top:8px;padding-right:20px;padding-bottom:8px;padding-left:20px\"><strong>POST AN UNS!<\/strong><\/a><\/div>\n<\/div>\n<\/div>\n\n\n\n<div class=\"wp-block-buttons is-layout-flex wp-block-buttons-is-layout-flex\"><\/div>\n\n\n\n<div style=\"height:50px\" aria-hidden=\"true\" class=\"wp-block-spacer\"><\/div>\n\n\n\n<p class=\"has-text-align-center has-text-color\" style=\"color:#456f76;font-style:normal;font-weight:100\">______________________________________<\/p>\n\n\n\n<div style=\"height:50px\" aria-hidden=\"true\" class=\"wp-block-spacer\"><\/div>\n\n\n\n<h2 class=\"wp-block-heading has-text-align-center has-text-color\" style=\"color:#456f76\">GOODEAR \u2013 wie was wo<\/h2>\n\n\n\n<p class=\"has-text-align-center\" style=\"font-style:normal;font-weight:100\">Gemeinsam mit der Strickjackencombo und dem Robomax-Studio und dem Bumeloch-Studio ist der Zusammenschluss GOODEAR H\u00f6rspiele entstanden.<br>Basis waren die Figuren Ruedi und Heinz von StrohmannKauz.<br>Das 1. H\u00f6rspiel \u00abDer Lismerclub , Ruedi und Heinz und die Fallmasche\u00bb hat den Publikumspreis sonohr H\u00f6rfestival 2014 gewonnen.<br>Das 2. H\u00f6rspiel \u00abWienerli mit Chopfsalat, Ruedi und Heinz und die Hirnfalle\u00bb ist eine Doppel CD.<br>Marcel Schumacher sorgte f\u00fcr die professionelle und entlastenden Atmosph\u00e4re von GOODEAR. Ohne finanzielle und ideelle Unterst\u00fctzung von z. B. Paul Schmidli und Heiner Hoerni und vielen anderen Menschen g\u00e4be es GOODEAR so nicht.<br>DANKE.<\/p>\n\n\n\n<div style=\"height:50px\" aria-hidden=\"true\" class=\"wp-block-spacer\"><\/div>\n\n\n\n<p class=\"has-text-align-center has-text-color\" style=\"color:#456f76;font-style:normal;font-weight:100\">______________________________________<\/p>\n\n\n\n<div style=\"height:50px\" aria-hidden=\"true\" class=\"wp-block-spacer\"><\/div>\n\n\n\n<h2 class=\"wp-block-heading has-text-align-center has-text-color\" style=\"color:#456f76\">GOODEAR \u2013 wer<\/h2>\n\n\n\n<div style=\"height:25px\" aria-hidden=\"true\" class=\"wp-block-spacer\"><\/div>\n\n\n\n<div class=\"wp-block-columns is-layout-flex wp-container-core-columns-is-layout-28f84493 wp-block-columns-is-layout-flex\">\n<div class=\"wp-block-column is-layout-flow wp-block-column-is-layout-flow\">\n<div class=\"wp-block-columns is-layout-flex wp-container-core-columns-is-layout-28f84493 wp-block-columns-is-layout-flex\">\n<div class=\"wp-block-column is-layout-flow wp-block-column-is-layout-flow\">\n<div class=\"wp-block-cover\"><span aria-hidden=\"true\" class=\"wp-block-cover__background has-background-dim-30 has-background-dim\"><\/span><img loading=\"lazy\" decoding=\"async\" width=\"1502\" height=\"1217\" class=\"wp-block-cover__image-background wp-image-134\" alt=\"\" src=\"https:\/\/goodear.ch\/wp-content\/uploads\/2022\/10\/rolf_cdtaufe2-1.jpg\" data-object-fit=\"cover\" srcset=\"https:\/\/goodear.ch\/wp-content\/uploads\/2022\/10\/rolf_cdtaufe2-1.jpg 1502w, https:\/\/goodear.ch\/wp-content\/uploads\/2022\/10\/rolf_cdtaufe2-1-300x243.jpg 300w, https:\/\/goodear.ch\/wp-content\/uploads\/2022\/10\/rolf_cdtaufe2-1-1024x830.jpg 1024w, https:\/\/goodear.ch\/wp-content\/uploads\/2022\/10\/rolf_cdtaufe2-1-768x622.jpg 768w\" sizes=\"auto, (max-width: 1502px) 100vw, 1502px\" \/><div class=\"wp-block-cover__inner-container is-layout-flow wp-block-cover-is-layout-flow\">\n<p class=\"has-text-align-center has-background-color has-text-color\" style=\"font-size:1.5rem\">ROLF<\/p>\n<\/div><\/div>\n<\/div>\n\n\n\n<div class=\"wp-block-column is-layout-flow wp-block-column-is-layout-flow\">\n<div class=\"wp-block-cover\"><span aria-hidden=\"true\" class=\"wp-block-cover__background has-background-dim-40 has-background-dim\"><\/span><img loading=\"lazy\" decoding=\"async\" width=\"2500\" height=\"2500\" class=\"wp-block-cover__image-background wp-image-133\" alt=\"\" src=\"https:\/\/goodear.ch\/wp-content\/uploads\/2022\/10\/marcel_cdtaufe2.jpg\" style=\"object-position:48% 51%\" data-object-fit=\"cover\" data-object-position=\"48% 51%\" srcset=\"https:\/\/goodear.ch\/wp-content\/uploads\/2022\/10\/marcel_cdtaufe2.jpg 2500w, https:\/\/goodear.ch\/wp-content\/uploads\/2022\/10\/marcel_cdtaufe2-300x300.jpg 300w, https:\/\/goodear.ch\/wp-content\/uploads\/2022\/10\/marcel_cdtaufe2-1024x1024.jpg 1024w, https:\/\/goodear.ch\/wp-content\/uploads\/2022\/10\/marcel_cdtaufe2-150x150.jpg 150w, https:\/\/goodear.ch\/wp-content\/uploads\/2022\/10\/marcel_cdtaufe2-768x768.jpg 768w, https:\/\/goodear.ch\/wp-content\/uploads\/2022\/10\/marcel_cdtaufe2-1536x1536.jpg 1536w, https:\/\/goodear.ch\/wp-content\/uploads\/2022\/10\/marcel_cdtaufe2-2048x2048.jpg 2048w\" sizes=\"auto, (max-width: 2500px) 100vw, 2500px\" \/><div class=\"wp-block-cover__inner-container is-layout-flow wp-block-cover-is-layout-flow\">\n<p class=\"has-text-align-center has-background-color has-text-color\" style=\"font-size:1.5rem\">MARCEL<\/p>\n<\/div><\/div>\n<\/div>\n\n\n\n<div class=\"wp-block-column is-layout-flow wp-block-column-is-layout-flow\">\n<div class=\"wp-block-cover\"><span aria-hidden=\"true\" class=\"wp-block-cover__background has-background-dim-40 has-background-dim\"><\/span><img loading=\"lazy\" decoding=\"async\" width=\"2500\" height=\"1865\" class=\"wp-block-cover__image-background wp-image-135\" alt=\"\" src=\"https:\/\/goodear.ch\/wp-content\/uploads\/2022\/10\/ti_cdtaufe2.jpg\" style=\"object-position:52% 37%\" data-object-fit=\"cover\" data-object-position=\"52% 37%\" srcset=\"https:\/\/goodear.ch\/wp-content\/uploads\/2022\/10\/ti_cdtaufe2.jpg 2500w, https:\/\/goodear.ch\/wp-content\/uploads\/2022\/10\/ti_cdtaufe2-300x224.jpg 300w, https:\/\/goodear.ch\/wp-content\/uploads\/2022\/10\/ti_cdtaufe2-1024x764.jpg 1024w, https:\/\/goodear.ch\/wp-content\/uploads\/2022\/10\/ti_cdtaufe2-768x573.jpg 768w, https:\/\/goodear.ch\/wp-content\/uploads\/2022\/10\/ti_cdtaufe2-1536x1146.jpg 1536w, https:\/\/goodear.ch\/wp-content\/uploads\/2022\/10\/ti_cdtaufe2-2048x1528.jpg 2048w\" sizes=\"auto, (max-width: 2500px) 100vw, 2500px\" \/><div class=\"wp-block-cover__inner-container is-layout-flow wp-block-cover-is-layout-flow\">\n<p class=\"has-text-align-center has-background-color has-text-color\" style=\"font-size:1.5rem\">TI<\/p>\n<\/div><\/div>\n<\/div>\n\n\n\n<div class=\"wp-block-column is-layout-flow wp-block-column-is-layout-flow\">\n<div class=\"wp-block-cover\"><span aria-hidden=\"true\" class=\"wp-block-cover__background has-background-dim\"><\/span><img loading=\"lazy\" decoding=\"async\" width=\"2500\" height=\"1729\" class=\"wp-block-cover__image-background wp-image-152\" alt=\"\" src=\"https:\/\/goodear.ch\/wp-content\/uploads\/2022\/10\/roebi_cdtaufe2.jpg\" style=\"object-position:35% 34%\" data-object-fit=\"cover\" data-object-position=\"35% 34%\" srcset=\"https:\/\/goodear.ch\/wp-content\/uploads\/2022\/10\/roebi_cdtaufe2.jpg 2500w, https:\/\/goodear.ch\/wp-content\/uploads\/2022\/10\/roebi_cdtaufe2-300x207.jpg 300w, https:\/\/goodear.ch\/wp-content\/uploads\/2022\/10\/roebi_cdtaufe2-1024x708.jpg 1024w, https:\/\/goodear.ch\/wp-content\/uploads\/2022\/10\/roebi_cdtaufe2-768x531.jpg 768w, https:\/\/goodear.ch\/wp-content\/uploads\/2022\/10\/roebi_cdtaufe2-1536x1062.jpg 1536w, https:\/\/goodear.ch\/wp-content\/uploads\/2022\/10\/roebi_cdtaufe2-2048x1416.jpg 2048w\" sizes=\"auto, (max-width: 2500px) 100vw, 2500px\" \/><div class=\"wp-block-cover__inner-container is-layout-flow wp-block-cover-is-layout-flow\">\n<p class=\"has-text-align-center\" style=\"font-size:1.5rem\">R\u00d6BI<\/p>\n<\/div><\/div>\n<\/div>\n<\/div>\n<\/div>\n<\/div>\n\n\n\n<div style=\"height:50px\" aria-hidden=\"true\" class=\"wp-block-spacer\"><\/div>\n\n\n\n<p style=\"font-size:1.3rem\"><strong>Rolf Strub<\/strong> (*1961) \u2013 Autor, Regie, Produktion<\/p>\n\n\n\n<p style=\"font-style:normal;font-weight:100\">Rolf Strub ist seit 1978 auf in- und ausl\u00e4ndischen B\u00fchnen anzutreffen. Er ist t\u00e4tig als Autor, Schauspieler, Sprecher und Regisseur. Er arbeitete f\u00fcr die Schweizer Fernsehsender tv3 und sfdrs, ist oder war S\u00e4nger in diversen Formationen, produzierte ab 1999 diverse H\u00f6rspiele mit Bookonear-Productions, lieferte die Offstimme f\u00fcr Filme. Er stand in New York und in der Schweiz vor der Filmkamera und war von 1999 bis 2017 mit dem \u00abdonogood-lesetheater\u00bb in der Schweiz und im deutschsprachigen Raum unterwegs. Er f\u00fchrte bei diversen Produktionen Regie und war als Autor mitverantwortlich f\u00fcr den Text beim Theaterst\u00fcck \u00abLandfroue-Hydrant\u00bb und verfasste mehrere andere Theaterst\u00fccke. Bei \u00abNachtfieber\u00bb konnte er als Alfie Battler seine Improvisationsgabe ausspielen.<\/p>\n\n\n\n<div style=\"height:20px\" aria-hidden=\"true\" class=\"wp-block-spacer\"><\/div>\n\n\n\n<p style=\"font-size:1.3rem\"><strong>Marcel Schumacher<\/strong> (*1968) \u2013 Produktionsleitung, Produktion, Aufnahme<\/p>\n\n\n\n<p style=\"font-style:normal;font-weight:100\">Der in Starrkirch-Wil lebende Marcel Schumacher, arbeitet in verschiedenen Funktionen seit 20 Jahren mit dem bewegten Bild. Angefangen als Drehassistent, Set-T\u00f6nler, Videocutter f\u00fcr Film und TV und Aufnahmeleiter wie auch Produktionsleiter f\u00fcr die unterschiedlichsten Auftrags- und Kulturproduktionen, arbeitet er nun als Regisseur f\u00fcr die Firma Witschi+Partner in Bern.<br>Seine Leidenschaft zu Ton und Musik machte sich schon fr\u00fch bemerkbar und so war er sechs Jahre lang der Livemischer der Aarauer Band HNO und Tourmanager des Z\u00fcrcher Alleinunterhalters Urban Jr. im In- und Ausland. Diese Verbundenheit zur Kultur f\u00fchrte ihn dann auch zum Video-Projekt \u00abMorning Sun\u00bb der Oltner Band Scorpio Electric um Fabienne Hoerni und dem Kameramann Philipp K\u00fcnzli. Bei dieser Produktion f\u00fchrte er Aufnahmeleitung. Dies \u00f6ffnete ihm die T\u00fcr zur Oltner Kulturszene. Seither ist er bei diversen Oltner Projekten in irgendeiner Weise involviert.<\/p>\n\n\n\n<div style=\"height:20px\" aria-hidden=\"true\" class=\"wp-block-spacer\"><\/div>\n\n\n\n<p style=\"font-size:1.3rem\"><strong>Andr\u00e9 Tihanov<\/strong> (*1970) \u2013 Musik, Produktion<\/p>\n\n\n\n<p style=\"font-style:normal;font-weight:100\">Seit 2010 tritt er als Gitarrist der Oltner Band \u00abStrickjackencombo\u00bb (mit Rolf Strub und Robert Weder) auf. Nebst diversen Konzerten (u.a. \u00abNachtfenster\u00bb) wurde 2012 die Auff\u00fchrung \u00abNochmals mit Gef\u00fchl\u00bb des Donogood &#8211; Lesetheaters musikalisch untermalt. Er lebt und arbeitet in Olten.<\/p>\n\n\n\n<div style=\"height:20px\" aria-hidden=\"true\" class=\"wp-block-spacer\"><\/div>\n\n\n\n<p style=\"font-size:1.3rem\"><strong>Robert Weder<\/strong> (*1966) \u2013 Musik, Sounddesign, Tontechnik<\/p>\n\n\n\n<p style=\"font-style:normal;font-weight:100\">Robert Weder, urspr\u00fcnglich Schlagzeuger, arbeitet seit mehr als 10 Jahren auch als Komponist, Sound-Designer und Tontechniker. Er hat diverse Auftragsarbeiten f\u00fcr Werbung und Kultur geschaffen. Als Live-Musiker ist er seit mehr als 25 Jahren unterwegs und gesch\u00e4tzt als Schlagzeuger in diversen Jazz, und Crossover-Formationen. Als ausgepr\u00e4gter Autodidakt kam er erstmals am Konservatorium in Biel (1982 \u2013 1986), und im Studium an der Hochschule f\u00fcr Musik in Bern, Abteilung Jazz (1988 &#8211; 1993), in den Kontakt zu professionellem Unterricht (Schlagzeug, Nebeninstrument Klavier). Robert Weder ist aufgewachsen in Grenchen und lebt in Olten.<\/p>\n\n\n\n<div style=\"height:50px\" aria-hidden=\"true\" class=\"wp-block-spacer\"><\/div>\n\n\n\n<p class=\"has-text-align-center has-text-color\" style=\"color:#456f76;font-style:normal;font-weight:100\">______________________________________<\/p>\n\n\n\n<div style=\"height:50px\" aria-hidden=\"true\" class=\"wp-block-spacer\"><\/div>\n\n\n\n<h2 class=\"wp-block-heading has-text-align-center has-text-color\" style=\"color:#456f76\">ARMIN<\/h2>\n\n\n\n<div style=\"height:20px\" aria-hidden=\"true\" class=\"wp-block-spacer\"><\/div>\n\n\n\n<figure class=\"wp-block-image size-large\"><img loading=\"lazy\" decoding=\"async\" width=\"750\" height=\"1024\" src=\"https:\/\/goodear.ch\/wp-content\/uploads\/2022\/10\/armin-750x1024.jpg\" alt=\"\" class=\"wp-image-155\" srcset=\"https:\/\/goodear.ch\/wp-content\/uploads\/2022\/10\/armin-750x1024.jpg 750w, https:\/\/goodear.ch\/wp-content\/uploads\/2022\/10\/armin-220x300.jpg 220w, https:\/\/goodear.ch\/wp-content\/uploads\/2022\/10\/armin-768x1049.jpg 768w, https:\/\/goodear.ch\/wp-content\/uploads\/2022\/10\/armin-1125x1536.jpg 1125w, https:\/\/goodear.ch\/wp-content\/uploads\/2022\/10\/armin-1500x2048.jpg 1500w, https:\/\/goodear.ch\/wp-content\/uploads\/2022\/10\/armin.jpg 1831w\" sizes=\"auto, (max-width: 750px) 100vw, 750px\" \/><\/figure>\n\n\n\n<p class=\"has-text-align-center\" style=\"font-style:normal;font-weight:100\">Seit 1990 als Schauspieler und Regisseur in Deutschland, \u00d6sterreich und der Schweiz t\u00e4tig. Er spielte und inszenierte unter anderem im Altstadttheater N\u00fcrnberg, Theater \u00abClaque\u00bb Baden, Kleintheater Kramgasse 6 in Bern, sowie im Theater Tuchlaube in Aarau, Commedia Bern, TaO in Graz, oder auch im Spiegeltheater Z\u00fcrich und im Stadttheater Bern.<br>2006 Gr\u00fcndung der Theatergruppe Kopp\/Nauer\/Vittinghhoff.<br>Dazwischen auch immer wieder Arbeiten f\u00fcr Rundfunk, Fernsehen, Film und ebenso als Sprecher f\u00fcr H\u00f6rb\u00fccher und H\u00f6rspiele. Armin Kopp war seit 2000 als projektbegleitender Sprach- und Schauspielcoach f\u00fcr verschiedene Ensembles t\u00e4tig und ab 2004 Kommunikationstrainer an der Berner Fachhochschule f\u00fcr Gesundheit.<\/p>\n\n\n\n<p class=\"has-text-align-center\">Armin ist am 13. September 2021 gestorben.<br>Er war ein sanfter, guter Freund und Wegbegleiter.<br>Im H\u00f6rspiel \u00abWienerli mit Chopfslat\u00bb ist er noch zu h\u00f6ren.<br>Seine Stimme hallt in unseren K\u00f6pfen nach und in unseren Herzen klafft ein Loch.<\/p>\n\n\n\n<div style=\"height:50px\" aria-hidden=\"true\" class=\"wp-block-spacer\"><\/div>\n\n\n\n<p class=\"has-text-align-center has-text-color\" style=\"color:#456f76;font-style:normal;font-weight:100\">______________________________________<\/p>\n\n\n\n<div style=\"height:50px\" aria-hidden=\"true\" class=\"wp-block-spacer\"><\/div>\n\n\n\n<h2 class=\"wp-block-heading has-text-align-center has-text-color\" style=\"color:#456f76\">AUDIO<\/h2>\n\n\n\n<p><\/p>\n\n\n\n<p class=\"has-text-align-center\" style=\"font-size:20px;font-style:normal;font-weight:100\"><strong>\u00abImmer wiiter\u00bb<\/strong><br>Titelsong H\u00f6rspiel \u00abLismerclub\u00bb<\/p>\n\n\n\n<div style=\"height:20px\" aria-hidden=\"true\" class=\"wp-block-spacer\"><\/div>\n\n\n\n<figure class=\"wp-block-audio\"><audio controls src=\"https:\/\/goodear.ch\/wp-content\/uploads\/2023\/11\/Immer-wiiter-mp3.mp3\"><\/audio><\/figure>\n\n\n\n<div style=\"height:50px\" aria-hidden=\"true\" class=\"wp-block-spacer\"><\/div>\n\n\n\n<p class=\"has-text-align-center has-text-color\" style=\"color:#456f76;font-style:normal;font-weight:100\">______________________________________<\/p>\n\n\n\n<div style=\"height:50px\" aria-hidden=\"true\" class=\"wp-block-spacer\"><\/div>\n\n\n\n<h2 class=\"wp-block-heading has-text-align-center has-text-color\" style=\"color:#456f76\">VIDEO<\/h2>\n\n\n\n<p class=\"has-text-align-center\" style=\"font-size:20px;font-style:normal;font-weight:100\"><br>Alte Dame mit Bach<\/p>\n\n\n\n<div style=\"height:10px\" aria-hidden=\"true\" class=\"wp-block-spacer\"><\/div>\n\n\n\n<figure class=\"wp-block-video\"><video height=\"360\" style=\"aspect-ratio: 640 \/ 360;\" width=\"640\" controls src=\"https:\/\/goodear.ch\/wp-content\/uploads\/2023\/11\/Alte-Frau.mp4\"><\/video><\/figure>\n\n\n\n<p class=\"has-text-align-center\" style=\"font-size:20px;font-style:normal;font-weight:100\"><br>Walk durch Olten<\/p>\n\n\n\n<div style=\"height:10px\" aria-hidden=\"true\" class=\"wp-block-spacer\"><\/div>\n\n\n\n<figure class=\"wp-block-video\"><video height=\"360\" style=\"aspect-ratio: 640 \/ 360;\" width=\"640\" controls src=\"https:\/\/goodear.ch\/wp-content\/uploads\/2023\/11\/WalkOlten.mp4\"><\/video><\/figure>\n\n\n\n<p class=\"has-text-align-center\" style=\"font-size:20px;font-style:normal;font-weight:100\"><br>Walk durchs Altersheim<\/p>\n\n\n\n<div style=\"height:10px\" aria-hidden=\"true\" class=\"wp-block-spacer\"><\/div>\n\n\n\n<figure class=\"wp-block-video\"><video height=\"360\" style=\"aspect-ratio: 640 \/ 360;\" width=\"640\" controls src=\"https:\/\/goodear.ch\/wp-content\/uploads\/2023\/11\/ALTERSHEIM-OLTEN-Master_1.mp4\"><\/video><\/figure>\n\n\n\n<div style=\"height:50px\" aria-hidden=\"true\" class=\"wp-block-spacer\"><\/div>\n\n\n\n<p class=\"has-text-align-center has-text-color\" style=\"color:#456f76;font-style:normal;font-weight:100\">______________________________________<\/p>\n\n\n\n<div style=\"height:50px\" aria-hidden=\"true\" class=\"wp-block-spacer\"><\/div>\n\n\n\n<h2 class=\"wp-block-heading has-text-align-center has-text-color\" style=\"color:#456f76\">AUSGEZEICHNET<\/h2>\n\n\n\n<p class=\"has-text-align-center\" style=\"font-style:normal;font-weight:100\">\u00abDer Lismer-Club\u00bb, das atmosph\u00e4rische Kleinstadt-Roadmovie-Vergn\u00fcgen, setzte sich gegen 20 Produktionen in den Kategorien Fiction, Nonfiction und Experimentelles bei den Festivalbesuchern durch und durfte den Publikumspreis 2014 mit nach Hause nehmen.<br>Autor, Regisseur und Schauspieler Rolf Strub setzte das H\u00f6rspiel, das in und mit Olten spielt in Szene. Rhaban Straumann und Matthias Kunz (Strohmann-Kauz) spielen die Hauptrollen und die Strickjackencombo (Andr\u00e9 Tihanov, Robert Weder, Rolf Strub) liefert den Soundtrack dazu.<br>Zahlreiche Sprecher und Helfer im Hintergrund waren an diesem Erfolg massgeblich beteiligt. Der Produktionsleiter Marcel Schumacher hielt alles zusammen.<br>\u00abErst was in der Fremde geadelt wurde, gewinnt auch zu Hause Beachtung.\u00bb Ausgezeichnet.<\/p>\n\n\n\n<p><\/p>\n\n\n\n<figure class=\"wp-block-image aligncenter size-medium\"><img loading=\"lazy\" decoding=\"async\" width=\"300\" height=\"95\" src=\"https:\/\/goodear.ch\/wp-content\/uploads\/2022\/10\/sonohr_logo-300x95.jpg\" alt=\"\" class=\"wp-image-158\" srcset=\"https:\/\/goodear.ch\/wp-content\/uploads\/2022\/10\/sonohr_logo-300x95.jpg 300w, https:\/\/goodear.ch\/wp-content\/uploads\/2022\/10\/sonohr_logo.jpg 579w\" sizes=\"auto, (max-width: 300px) 100vw, 300px\" \/><\/figure>\n\n\n\n<div style=\"height:24px\" aria-hidden=\"true\" class=\"wp-block-spacer\"><\/div>\n\n\n\n<figure class=\"wp-block-gallery alignwide has-nested-images columns-default is-cropped wp-block-gallery-2 is-layout-flex wp-block-gallery-is-layout-flex\">\n<figure class=\"wp-block-image size-large\"><img loading=\"lazy\" decoding=\"async\" width=\"1024\" height=\"683\" data-id=\"160\" src=\"https:\/\/goodear.ch\/wp-content\/uploads\/2022\/10\/sonohr_pokal-1024x683.jpg\" alt=\"\" class=\"wp-image-160\" srcset=\"https:\/\/goodear.ch\/wp-content\/uploads\/2022\/10\/sonohr_pokal-1024x683.jpg 1024w, https:\/\/goodear.ch\/wp-content\/uploads\/2022\/10\/sonohr_pokal-300x200.jpg 300w, https:\/\/goodear.ch\/wp-content\/uploads\/2022\/10\/sonohr_pokal-768x512.jpg 768w, https:\/\/goodear.ch\/wp-content\/uploads\/2022\/10\/sonohr_pokal-1536x1024.jpg 1536w, https:\/\/goodear.ch\/wp-content\/uploads\/2022\/10\/sonohr_pokal-2048x1365.jpg 2048w\" sizes=\"auto, (max-width: 1024px) 100vw, 1024px\" \/><\/figure>\n\n\n\n<figure class=\"wp-block-image size-large\"><img loading=\"lazy\" decoding=\"async\" width=\"1024\" height=\"683\" data-id=\"161\" src=\"https:\/\/goodear.ch\/wp-content\/uploads\/2022\/10\/sonohr_rolf-1024x683.jpg\" alt=\"\" class=\"wp-image-161\" srcset=\"https:\/\/goodear.ch\/wp-content\/uploads\/2022\/10\/sonohr_rolf-1024x683.jpg 1024w, https:\/\/goodear.ch\/wp-content\/uploads\/2022\/10\/sonohr_rolf-300x200.jpg 300w, https:\/\/goodear.ch\/wp-content\/uploads\/2022\/10\/sonohr_rolf-768x512.jpg 768w, https:\/\/goodear.ch\/wp-content\/uploads\/2022\/10\/sonohr_rolf-1536x1024.jpg 1536w, https:\/\/goodear.ch\/wp-content\/uploads\/2022\/10\/sonohr_rolf-2048x1365.jpg 2048w\" sizes=\"auto, (max-width: 1024px) 100vw, 1024px\" \/><\/figure>\n<\/figure>\n\n\n\n<div style=\"height:50px\" aria-hidden=\"true\" class=\"wp-block-spacer\"><\/div>\n\n\n\n<p class=\"has-text-align-center has-text-color\" style=\"color:#456f76;font-style:normal;font-weight:100\">______________________________________<\/p>\n\n\n\n<div style=\"height:50px\" aria-hidden=\"true\" class=\"wp-block-spacer\"><\/div>\n","protected":false},"excerpt":{"rendered":"<p>______________________________________ Ausgezeichnetes sogar. Wer eines unserer Werke erstehen, Ideen mit uns teilen oder sich uns mitteilen m\u00f6chte: Hier gehts lang zu unseren Ohren! ______________________________________ GOODEAR \u2013 wie was wo Gemeinsam mit der Strickjackencombo und dem Robomax-Studio und dem Bumeloch-Studio ist der Zusammenschluss GOODEAR H\u00f6rspiele entstanden.Basis waren die Figuren Ruedi und Heinz von StrohmannKauz.Das 1. H\u00f6rspiel [&hellip;]<\/p>\n","protected":false},"author":1,"featured_media":0,"parent":0,"menu_order":0,"comment_status":"closed","ping_status":"closed","template":"","meta":{"footnotes":""},"class_list":["post-86","page","type-page","status-publish","hentry"],"_links":{"self":[{"href":"https:\/\/goodear.ch\/index.php?rest_route=\/wp\/v2\/pages\/86","targetHints":{"allow":["GET"]}}],"collection":[{"href":"https:\/\/goodear.ch\/index.php?rest_route=\/wp\/v2\/pages"}],"about":[{"href":"https:\/\/goodear.ch\/index.php?rest_route=\/wp\/v2\/types\/page"}],"author":[{"embeddable":true,"href":"https:\/\/goodear.ch\/index.php?rest_route=\/wp\/v2\/users\/1"}],"replies":[{"embeddable":true,"href":"https:\/\/goodear.ch\/index.php?rest_route=%2Fwp%2Fv2%2Fcomments&post=86"}],"version-history":[{"count":50,"href":"https:\/\/goodear.ch\/index.php?rest_route=\/wp\/v2\/pages\/86\/revisions"}],"predecessor-version":[{"id":186,"href":"https:\/\/goodear.ch\/index.php?rest_route=\/wp\/v2\/pages\/86\/revisions\/186"}],"wp:attachment":[{"href":"https:\/\/goodear.ch\/index.php?rest_route=%2Fwp%2Fv2%2Fmedia&parent=86"}],"curies":[{"name":"wp","href":"https:\/\/api.w.org\/{rel}","templated":true}]}}